{"id":1275,"date":"2021-03-17T10:08:55","date_gmt":"2021-03-17T10:08:55","guid":{"rendered":"https:\/\/stage.startertemplatecloud.com\/e10\/?page_id=1275"},"modified":"2023-06-18T14:02:35","modified_gmt":"2023-06-18T12:02:35","slug":"cosa-facciamo","status":"publish","type":"page","link":"https:\/\/www.skillup.cloud\/it\/cosa-facciamo\/","title":{"rendered":"Cosa facciamo"},"content":{"rendered":"<aside id=\"view_cosa_facciamo-2\" class=\"widget widget_view_cosa_facciamo amr_widget\"><h3 class=\"widget-title\">View COSA FACCIAMO<\/h3>\n    <div class=\"blockCosaFacciamo\">\n\n      <div class=\"rowContents\">\n        <div class=\"row item-1\">\n\n          <div class=\"col-sm-12 col-md-4 col-lg-3\">\n\n            <div class=\"row lineCont\">\n              <!--  -->\n                <!-- <div class=\"line line1 col-4\"><div class=\"\"><\/div><\/div> -->\n              <!--  -->\n              <div class=\"line line1 col-4\"><div class=\"\"><\/div><\/div>\n              <div class=\"line line2 col-4\"><div class=\"\"><\/div><\/div>\n              <div class=\"line line3 col-4\"><div class=\"\"><\/div><\/div>\n            <\/div>\n          <\/div>\n\n          <div class=\"nodeWrapper col-sm-12 col-md-8 col-lg-9\">\n            <div>\n              <div class=\"nodeTitle\">\n                <h3>Software Design and Development<\/h3>\n              <\/div>\n              <div class=\"nodeBody\">\n                <p>Disegno, Progettazione e Realizzazione di Sistemi Informativi o parti di Sistemi Informativi integrati con la struttura aziendale e i Processi che gestiscono il Business Aziendale.<\/p>\n<p>Questa \u00e8 l&#8217;attivit\u00e0 da sempre svolta dalla nostra societ\u00e0.<br \/>\nSpesso si inizia dal disegno, sia dei processi aziendali che delle informazioni da gestire, unitamente alle loro relazioni, per poi procedere con lo sviluppo del software che realizza il disegno architetturale definito.<\/p>\n<p>Questo approccio in genere viene seguito per progetti di medio o lungo respiro dove \u00e8 rilevante l&#8217;impatto aziendale ed \u00e8 quindi molto importante avere una architettura impostata correttamente in modo da rispondere poi con la fase di implementazione alle esigenze aziendali senza dover ricorrere a continue messe a punto per problemi che sorgono durante l&#8217;utilizzo delle funzionalit\u00e0 realizzate.<br \/>\nIn altre situazioni la nostra struttura si affianca alle risorse del Cliente per supportarle nella manutenzione e implementazioni evolutive del parco software aziendale. In questi casi lo sviluppo del software avviene spesso su precise indicazioni del committente.<br \/>\nIn relazione alle esigenze del Cliente il software da realizzare pu\u00f2 essere fatto in modo del tutto uniforme agli standard utilizzati dal Cliente oppure, se non ci sono vincoli, lo sviluppo pu\u00f2 utilizzare i migliori strumenti e tecniche applicabili alla realt\u00e0 dei sistemi esistenti.<\/p>\n              <\/div>\n            <\/div>\n          <\/div>\n        <\/div>\n        <div class=\"row item-2\">\n\n          <div class=\"col-sm-12 col-md-4 col-lg-3\">\n\n            <div class=\"row lineCont\">\n              <!--  -->\n                <!-- <div class=\"line line1 col-4\"><div class=\"\"><\/div><\/div> -->\n              <!--  -->\n                <!-- <div class=\"line line2 col-4\"><div class=\"\"><\/div><\/div> -->\n              <!--  -->\n              <div class=\"line line1 col-4\"><div class=\"\"><\/div><\/div>\n              <div class=\"line line2 col-4\"><div class=\"\"><\/div><\/div>\n              <div class=\"line line3 col-4\"><div class=\"\"><\/div><\/div>\n            <\/div>\n          <\/div>\n\n          <div class=\"nodeWrapper col-sm-12 col-md-8 col-lg-9\">\n            <div>\n              <div class=\"nodeTitle\">\n                <h3>Big Data &#038; Business Intelligence<\/h3>\n              <\/div>\n              <div class=\"nodeBody\">\n                <p>Raccolta di grosse moli di dati informativi con diverse tecnologie e metodi analitici specifici per l&#8217;estrazione di valore e conoscenza.<\/p>\n<p>Gestione dell&#8217;analisi ed estrapolazione delle informazioni per mettere in relazione dati eterogenei, strutturati e non strutturati, al fine di scoprire legami e correlazioni tra fenomeni diversi, con la possibilit\u00e0 di misurare le prestazioni delle strutture e dei processi aziendali.<\/p>\n<p>Questa tipologia di progetti \u00e8 sempre pi\u00f9 rilevante soprattutto per Clienti con grossi mercati internazionali dove \u00e8 molto importante rilevare il comportamento del Business Aziendale in relazione alle politiche di marketing adottate o che si vogliono adottare e il supporto a queste politiche viene fornito dall&#8217;analisi delle grosse moli di dati che possono essere estratte dagli archivi aziendali integrate con basi di dati rese disponibili da fornitori esterni.<\/p>\n              <\/div>\n            <\/div>\n          <\/div>\n        <\/div>\n        <div class=\"row item-3\">\n\n          <div class=\"col-sm-12 col-md-4 col-lg-3\">\n\n            <div class=\"row lineCont\">\n              <!--  -->\n                <!-- <div class=\"line line1 col-4\"><div class=\"\"><\/div><\/div> -->\n              <!--  -->\n                <!-- <div class=\"line line2 col-4\"><div class=\"\"><\/div><\/div> -->\n              <!--  -->\n                <!-- <div class=\"line line3 col-4\"><div class=\"\"><\/div><\/div> -->\n              <!--  -->\n              <div class=\"line line1 col-4\"><div class=\"\"><\/div><\/div>\n              <div class=\"line line2 col-4\"><div class=\"\"><\/div><\/div>\n              <div class=\"line line3 col-4\"><div class=\"\"><\/div><\/div>\n            <\/div>\n          <\/div>\n\n          <div class=\"nodeWrapper col-sm-12 col-md-8 col-lg-9\">\n            <div>\n              <div class=\"nodeTitle\">\n                <h3>Artificial Intelligence<\/h3>\n              <\/div>\n              <div class=\"nodeBody\">\n                <p>L\u2019Intelligenza Artificiale (AI) sta diventando sempre pi\u00f9 disponibile e accessibile fornendo approcci innovativi che consentono, se correttamente integrati con lo sviluppo dei progetti software, di supportare in modo ancora pi\u00f9 efficace la gestione dei processi aziendali e delle scelte sui processi di business. Ruolo molto importante viene svolto dalle tecniche di Machine Learning, dove con la gestione di grandi quantit\u00e0 di dati di apprendimento etichettati si possono estrapolare correlazioni e modelli predittivi che supportino processi decisionali per il business aziendale.<\/p>\n<p>La disponibilit\u00e0 di strumenti e piattaforme avanzate (vedi ad esempio l&#8217;ecosistema AWS), che rendono facilmente utilizzabili tecniche di AI per applicarle alle esigenze aziendali, consentono in modo sempre pi\u00f9 agevole lo sfruttamento delle nuove tecnologie, un tempo ristrette ai soli ambienti di ricerca o sperimentazione universitaria.<\/p>\n<p>Ne consegue che i benefici e le potenzialit\u00e0 utilizzabili stanno avendo impulsi non immaginabili fino a poco tempo fa (Chat GPT \u00e8 un esempio accessibile a tutti&#8230;).<\/p>\n<p>Sicuramente l&#8217;integrazione con le tecniche di AI e Machine Learning (statistica computazionale, riconoscimento di pattern, reti neurali artificiali, filtraggio adattivo, &#8230;) saranno sempre pi\u00f9 presenti e integrati nei software aziendali, sia che si tratti di nuovi packages che software legacy, e questa integrazione consentir\u00e0, se ben organizzata, di valorizzare il patrimonio software aziendale che \u00e8 peculiare di ogni realt\u00e0 aziendale.<\/p>\n              <\/div>\n            <\/div>\n          <\/div>\n        <\/div>\n\n    <\/div>\n\n<\/aside>\n","protected":false},"excerpt":{"rendered":"","protected":false},"author":1,"featured_media":0,"parent":0,"menu_order":0,"comment_status":"closed","ping_status":"closed","template":"","meta":{"inline_featured_image":false,"_kadence_starter_templates_imported_post":true,"_kad_post_transparent":"","_kad_post_title":"default","_kad_post_layout":"default","_kad_post_sidebar_id":"","_kad_post_content_style":"default","_kad_post_vertical_padding":"default","_kad_post_feature":"default","_kad_post_feature_position":"","_kad_post_header":false,"_kad_post_footer":false,"_kad_post_classname":"","footnotes":""},"class_list":["post-1275","page","type-page","status-publish","hentry"],"_links":{"self":[{"href":"https:\/\/www.skillup.cloud\/it\/wp-json\/wp\/v2\/pages\/1275","targetHints":{"allow":["GET"]}}],"collection":[{"href":"https:\/\/www.skillup.cloud\/it\/wp-json\/wp\/v2\/pages"}],"about":[{"href":"https:\/\/www.skillup.cloud\/it\/wp-json\/wp\/v2\/types\/page"}],"author":[{"embeddable":true,"href":"https:\/\/www.skillup.cloud\/it\/wp-json\/wp\/v2\/users\/1"}],"replies":[{"embeddable":true,"href":"https:\/\/www.skillup.cloud\/it\/wp-json\/wp\/v2\/comments?post=1275"}],"version-history":[{"count":7,"href":"https:\/\/www.skillup.cloud\/it\/wp-json\/wp\/v2\/pages\/1275\/revisions"}],"predecessor-version":[{"id":3733,"href":"https:\/\/www.skillup.cloud\/it\/wp-json\/wp\/v2\/pages\/1275\/revisions\/3733"}],"wp:attachment":[{"href":"https:\/\/www.skillup.cloud\/it\/wp-json\/wp\/v2\/media?parent=1275"}],"curies":[{"name":"wp","href":"https:\/\/api.w.org\/{rel}","templated":true}]}}